{"id":7931,"date":"2017-02-08T12:52:15","date_gmt":"2017-02-08T11:52:15","guid":{"rendered":"http:\/\/www.tecnogetafe.es\/?page_id=7931"},"modified":"2024-01-15T14:27:46","modified_gmt":"2024-01-15T13:27:46","slug":"upm","status":"publish","type":"page","link":"https:\/\/www.tecnogetafe.es\/en\/companies\/upm\/","title":{"rendered":"UPM"},"content":{"rendered":"\n<style type=\"text\/css\" data-created_by=\"avia_inline_auto\" id=\"style-css-av-av_section-e276b0481895671f2fe9df9d9567ea3c\">\n.avia-section.av-av_section-e276b0481895671f2fe9df9d9567ea3c .av-parallax .av-parallax-inner{\nbackground-repeat:no-repeat;\nbackground-image:url(https:\/\/www.tecnogetafe.es\/wp-content\/uploads\/2014\/02\/UPMviveros.jpg);\nbackground-position:50% 50%;\nbackground-attachment:scroll;\n}\n.avia-section.av-av_section-e276b0481895671f2fe9df9d9567ea3c .av-section-color-overlay{\nopacity:0.5;\nbackground-color:#000000;\n}\n<\/style>\n<div id='av_section_1'  class='avia-section av-av_section-e276b0481895671f2fe9df9d9567ea3c main_color avia-section-default avia-no-border-styling  avia-builder-el-0  el_before_av_section  avia-builder-el-first  av-parallax-section avia-bg-style-parallax av-section-color-overlay-active container_wrap sidebar_right'  data-section-bg-repeat='no-repeat'><div class='av-parallax' data-avia-parallax-ratio='0.3' ><div class='av-parallax-inner main_color avia-full-stretch'><\/div><\/div><div class=\"av-section-color-overlay-wrap\"><div class=\"av-section-color-overlay\"><\/div><div class='container av-section-cont-open' ><main  role=\"main\" itemprop=\"mainContentOfPage\"  class='template-page content  av-content-small alpha units'><div class='post-entry post-entry-type-page post-entry-7931'><div class='entry-content-wrapper clearfix'>\n\n<style type=\"text\/css\" data-created_by=\"avia_inline_auto\" id=\"style-css-av-av_one_fourth-6126cab7d8fab8d08143dd2dacdf673c\">\n.flex_column.av-av_one_fourth-6126cab7d8fab8d08143dd2dacdf673c{\nborder-radius:0px 0px 0px 0px;\npadding:0px 0px 0px 0px;\n}\n<\/style>\n<div  class='flex_column av-av_one_fourth-6126cab7d8fab8d08143dd2dacdf673c av_one_fourth  avia-builder-el-1  el_before_av_three_fourth  avia-builder-el-first  first flex_column_div av-zero-column-padding  '     ><p>\n<style type=\"text\/css\" data-created_by=\"avia_inline_auto\" id=\"style-css-av-av_image-1973c9af1c3f9119fd4a58a8464cbc49\">\n.avia-image-container.av-av_image-1973c9af1c3f9119fd4a58a8464cbc49 img.avia_image{\nbox-shadow:none;\n}\n.avia-image-container.av-av_image-1973c9af1c3f9119fd4a58a8464cbc49 .av-image-caption-overlay-center{\ncolor:#ffffff;\n}\n<\/style>\n<div  class='avia-image-container av-av_image-1973c9af1c3f9119fd4a58a8464cbc49 av-styling- av-img-linked avia-align-left  avia-builder-el-2  el_before_av_hr  avia-builder-el-first '   itemprop=\"image\" itemscope=\"itemscope\" itemtype=\"https:\/\/schema.org\/ImageObject\" ><div class=\"avia-image-container-inner\"><div class=\"avia-image-overlay-wrap\"><a href=\"http:\/\/www.upm.es\/\" class='avia_image '  target=\"_blank\"  rel=\"noopener noreferrer\" aria-label='Universidad Polit\u00e9cnica de Madrid'><img fetchpriority=\"high\" class='wp-image-2955 avia-img-lazy-loading-not-2955 avia_image ' src='https:\/\/www.tecnogetafe.es\/wp-content\/uploads\/2014\/02\/UPM.jpg' alt='UPM' title='Universidad Polit\u00e9cnica de Madrid'  height=\"150\" width=\"200\"  itemprop=\"thumbnailUrl\"  \/><\/a><\/div><\/div><\/div><br \/>\n\n<style type=\"text\/css\" data-created_by=\"avia_inline_auto\" id=\"style-css-av-av_hr-c9ba6ccf0e28539cef079a4b419f7f68\">\n#top .hr.hr-invisible.av-av_hr-c9ba6ccf0e28539cef079a4b419f7f68{\nheight:25px;\n}\n<\/style>\n<div  class='hr av-av_hr-c9ba6ccf0e28539cef079a4b419f7f68 hr-invisible  avia-builder-el-3  el_after_av_image  el_before_av_textblock '><span class='hr-inner '><span class=\"hr-inner-style\"><\/span><\/span><\/div><br \/>\n<section  class='av_textblock_section av-av_textblock-0366cc7376be6c9e82a3e9cc8987b64f '   itemscope=\"itemscope\" itemtype=\"https:\/\/schema.org\/CreativeWork\" ><div class='avia_textblock'  itemprop=\"text\" ><p>PLOT 9<\/p>\n<\/div><\/section><\/p><\/div>\n<style type=\"text\/css\" data-created_by=\"avia_inline_auto\" id=\"style-css-av-av_three_fourth-0aa7055fe62c3622faec82866afbaeb2\">\n.flex_column.av-av_three_fourth-0aa7055fe62c3622faec82866afbaeb2{\nborder-radius:0px 0px 0px 0px;\npadding:0px 0px 0px 0px;\n}\n<\/style>\n<div  class='flex_column av-av_three_fourth-0aa7055fe62c3622faec82866afbaeb2 av_three_fourth  avia-builder-el-5  el_after_av_one_fourth  el_before_av_one_fourth  flex_column_div av-zero-column-padding  '     ><style type=\"text\/css\" data-created_by=\"avia_inline_auto\" id=\"style-css-av-av_heading-59c32684e0c86ac73fe778e3f4e74224\">\n#top .av-special-heading.av-av_heading-59c32684e0c86ac73fe778e3f4e74224{\npadding-bottom:10px;\ncolor:#ffffff;\n}\nbody .av-special-heading.av-av_heading-59c32684e0c86ac73fe778e3f4e74224 .av-special-heading-tag .heading-char{\nfont-size:25px;\n}\n.av-special-heading.av-av_heading-59c32684e0c86ac73fe778e3f4e74224 .special-heading-inner-border{\nborder-color:#ffffff;\n}\n.av-special-heading.av-av_heading-59c32684e0c86ac73fe778e3f4e74224 .av-subheading{\nfont-size:15px;\n}\n<\/style>\n<div  class='av-special-heading av-av_heading-59c32684e0c86ac73fe778e3f4e74224 av-special-heading-h3 custom-color-heading blockquote modern-quote  avia-builder-el-6  avia-builder-el-no-sibling '><h3 class='av-special-heading-tag '  itemprop=\"headline\"  >Universidad Polit\u00e9cnica de Madrid (UPM) has 10 buildings in TecnoGetafe that house a large Central Services Building, together with the Technology Centers of Mines, Industrial and Aeronautics.<\/h3><div class='av_custom_color av-subheading av-subheading_below'><p>The central services building functions as a research support center and is placed at the service of other university buildings.<\/p>\n<p>The UPM offers to the companies linked to the Park professional services of location, administration, technological surveillance, supercomputing, valorization of technologies, consulting and intellectual property.<\/p>\n<\/div><div class=\"special-heading-border\"><div class=\"special-heading-inner-border\"><\/div><\/div><\/div><\/div>\n<style type=\"text\/css\" data-created_by=\"avia_inline_auto\" id=\"style-css-av-av_one_fourth-6126cab7d8fab8d08143dd2dacdf673c\">\n.flex_column.av-av_one_fourth-6126cab7d8fab8d08143dd2dacdf673c{\nborder-radius:0px 0px 0px 0px;\npadding:0px 0px 0px 0px;\n}\n<\/style>\n<div  class='flex_column av-av_one_fourth-6126cab7d8fab8d08143dd2dacdf673c av_one_fourth  avia-builder-el-7  el_after_av_three_fourth  el_before_av_one_fourth  first flex_column_div av-zero-column-padding  column-top-margin'     ><\/div>\n<style type=\"text\/css\" data-created_by=\"avia_inline_auto\" id=\"style-css-av-av_one_fourth-0aa7055fe62c3622faec82866afbaeb2\">\n.flex_column.av-av_one_fourth-0aa7055fe62c3622faec82866afbaeb2{\nborder-radius:0px 0px 0px 0px;\npadding:0px 0px 0px 0px;\n}\n<\/style>\n<div  class='flex_column av-av_one_fourth-0aa7055fe62c3622faec82866afbaeb2 av_one_fourth  avia-builder-el-8  el_after_av_one_fourth  el_before_av_one_fourth  flex_column_div av-zero-column-padding  column-top-margin'     ><article  class='iconbox iconbox_top av-av_icon_box-62107141d5cfec3923fc46adb1f8053e  avia-builder-el-9  avia-builder-el-no-sibling  main_color'  itemscope=\"itemscope\" itemtype=\"https:\/\/schema.org\/CreativeWork\" ><div class=\"iconbox_content\"><header class=\"entry-content-header\" aria-label=\"Icon: &lt;strong&gt;Industrial Technology Center&lt;\/strong&gt;\"><div class='iconbox_icon heading-color avia-iconfont avia-font-entypo-fontello' data-av_icon='\ue866' data-av_iconfont='entypo-fontello'  ><\/div><h3 class='iconbox_content_title '  itemprop=\"headline\" ><strong>Industrial Technology Center<\/strong><\/h3><\/header><div class='iconbox_content_container '  itemprop=\"text\" ><p>It houses the Official Central Laboratory of Electrotechnology (LCOE), with its Low Voltage and Electromagnetic Compatibility, Vehicles and High Voltage Divisions, and the Solar Thermal and Hydrogen Labs.<\/p>\n<\/div><\/div><footer class=\"entry-footer\"><\/footer><\/article><\/div>\n<style type=\"text\/css\" data-created_by=\"avia_inline_auto\" id=\"style-css-av-av_one_fourth-0aa7055fe62c3622faec82866afbaeb2\">\n.flex_column.av-av_one_fourth-0aa7055fe62c3622faec82866afbaeb2{\nborder-radius:0px 0px 0px 0px;\npadding:0px 0px 0px 0px;\n}\n<\/style>\n<div  class='flex_column av-av_one_fourth-0aa7055fe62c3622faec82866afbaeb2 av_one_fourth  avia-builder-el-10  el_after_av_one_fourth  el_before_av_one_fourth  flex_column_div av-zero-column-padding  column-top-margin'     ><article  class='iconbox iconbox_top av-av_icon_box-bd92da7a16ee9adfefa474130e1a63e4  avia-builder-el-11  avia-builder-el-no-sibling  main_color'  itemscope=\"itemscope\" itemtype=\"https:\/\/schema.org\/CreativeWork\" ><div class=\"iconbox_content\"><header class=\"entry-content-header\" aria-label=\"Icon: &lt;strong&gt;Aeronautical Technology Center&lt;\/strong&gt;\"><div class='iconbox_icon heading-color avia-iconfont avia-font-entypo-fontello' data-av_icon='\ue8b6' data-av_iconfont='entypo-fontello'  ><\/div><h3 class='iconbox_content_title '  itemprop=\"headline\" ><strong>Aeronautical Technology Center<\/strong><\/h3><\/header><div class='iconbox_content_container '  itemprop=\"text\" ><p>Integrated by the laboratories of Advanced Aeronautical Materials, Turbomachinery and Aeroacoustics, as well as a research center on air traffic control, constituted as Economic Interest Grouping between AENA and UPM.<\/p>\n<\/div><\/div><footer class=\"entry-footer\"><\/footer><\/article><\/div>\n<style type=\"text\/css\" data-created_by=\"avia_inline_auto\" id=\"style-css-av-av_one_fourth-0aa7055fe62c3622faec82866afbaeb2\">\n.flex_column.av-av_one_fourth-0aa7055fe62c3622faec82866afbaeb2{\nborder-radius:0px 0px 0px 0px;\npadding:0px 0px 0px 0px;\n}\n<\/style>\n<div  class='flex_column av-av_one_fourth-0aa7055fe62c3622faec82866afbaeb2 av_one_fourth  avia-builder-el-12  el_after_av_one_fourth  avia-builder-el-last  flex_column_div av-zero-column-padding  column-top-margin'     ><article  class='iconbox iconbox_top av-av_icon_box-5f5f6b67f0797abb17ee022fd9d30b11  avia-builder-el-13  avia-builder-el-no-sibling  main_color'  itemscope=\"itemscope\" itemtype=\"https:\/\/schema.org\/CreativeWork\" ><div class=\"iconbox_content\"><header class=\"entry-content-header\" aria-label=\"Icon: &lt;strong&gt;Mine Technology Center&lt;\/strong&gt;\"><div class='iconbox_icon heading-color avia-iconfont avia-font-entypo-fontello' data-av_icon='\ue856' data-av_iconfont='entypo-fontello'  ><\/div><h3 class='iconbox_content_title '  itemprop=\"headline\" ><strong>Mine Technology Center<\/strong><\/h3><\/header><div class='iconbox_content_container '  itemprop=\"text\" ><p>Integrated by laboratories Jos\u00e9 de Madariaga (LOM), of Materials Testing for Construction, of Petr\u00f3leos G\u00f3mez Pardo (UPM &#8211; FGP and of Flammability Tests).<\/p>\n<\/div><\/div><footer class=\"entry-footer\"><\/footer><\/article><\/div>\n\n<\/div><\/div><\/main><!-- close content main element --><\/div><\/div><\/div>\n<style type=\"text\/css\" data-created_by=\"avia_inline_auto\" id=\"style-css-av-av_section-cb04d97b17c818c799b3abdbb2117148\">\n.avia-section.av-av_section-cb04d97b17c818c799b3abdbb2117148{\nbackground-color:#000000;\nbackground-image:unset;\n}\n<\/style>\n<div id='av_section_2'  class='avia-section av-av_section-cb04d97b17c818c799b3abdbb2117148 alternate_color avia-section-default avia-no-border-styling  avia-builder-el-14  el_after_av_section  avia-builder-el-last  avia-bg-style-parallax container_wrap sidebar_right'  ><div class='container av-section-cont-open' ><div class='template-page content  av-content-small alpha units'><div class='post-entry post-entry-type-page post-entry-7931'><div class='entry-content-wrapper clearfix'>\n\n<style type=\"text\/css\" data-created_by=\"avia_inline_auto\" id=\"style-css-av-av_one_fourth-9497bbf8bff73ea4c6992cc17fa9ec36\">\n.flex_column.av-av_one_fourth-9497bbf8bff73ea4c6992cc17fa9ec36{\nborder-radius:0px 0px 0px 0px;\npadding:0px 0px 0px 0px;\n}\n<\/style>\n<div  class='flex_column av-av_one_fourth-9497bbf8bff73ea4c6992cc17fa9ec36 av_one_fourth  avia-builder-el-15  el_before_av_one_fourth  avia-builder-el-first  first flex_column_div av-zero-column-padding  '     ><style type=\"text\/css\" data-created_by=\"avia_inline_auto\" id=\"style-css-av-av_textblock-0495ba487d93331d0a255e1072a23468\">\n#top .av_textblock_section.av-av_textblock-0495ba487d93331d0a255e1072a23468 .avia_textblock{\ncolor:#ffffff;\n}\n<\/style>\n<section  class='av_textblock_section av-av_textblock-0495ba487d93331d0a255e1072a23468 '   itemscope=\"itemscope\" itemtype=\"https:\/\/schema.org\/CreativeWork\" ><div class='avia_textblock av_inherit_color'  itemprop=\"text\" ><p>Developers:<\/p>\n<\/div><\/section><\/div>\n<style type=\"text\/css\" data-created_by=\"avia_inline_auto\" id=\"style-css-av-av_one_fourth-9c1d454dc06f7247226bc4e8f931daae\">\n.flex_column.av-av_one_fourth-9c1d454dc06f7247226bc4e8f931daae{\nborder-radius:0px 0px 0px 0px;\npadding:0px 0px 0px 0px;\n}\n<\/style>\n<div  class='flex_column av-av_one_fourth-9c1d454dc06f7247226bc4e8f931daae av_one_fourth  avia-builder-el-17  el_after_av_one_fourth  el_before_av_one_fourth  flex_column_div av-zero-column-padding  '     ><style type=\"text\/css\" data-created_by=\"avia_inline_auto\" id=\"style-css-av-av_image-874d0cbb06bbd7748cf1d467f6b0929b\">\n.avia-image-container.av-av_image-874d0cbb06bbd7748cf1d467f6b0929b img.avia_image{\nbox-shadow:none;\n}\n.avia-image-container.av-av_image-874d0cbb06bbd7748cf1d467f6b0929b .av-image-caption-overlay-center{\ncolor:#ffffff;\n}\n<\/style>\n<div  class='avia-image-container av-av_image-874d0cbb06bbd7748cf1d467f6b0929b av-styling- av-img-linked avia-align-center  avia-builder-el-18  avia-builder-el-no-sibling '   itemprop=\"image\" itemscope=\"itemscope\" itemtype=\"https:\/\/schema.org\/ImageObject\" ><div class=\"avia-image-container-inner\"><div class=\"avia-image-overlay-wrap\"><a href=\"http:\/\/www.madrid.org\" class='avia_image '  target=\"_blank\"  rel=\"noopener noreferrer\" aria-label='logo CM white'><img fetchpriority=\"high\" class='wp-image-13735 avia-img-lazy-loading-not-13735 avia_image ' src='https:\/\/www.tecnogetafe.es\/wp-content\/uploads\/2014\/03\/logo-CM-white.png' alt='' title='logo CM white'  height=\"96\" width=\"71\"  itemprop=\"thumbnailUrl\"  \/><\/a><\/div><\/div><\/div><\/div>\n<style type=\"text\/css\" data-created_by=\"avia_inline_auto\" id=\"style-css-av-av_one_fourth-9c1d454dc06f7247226bc4e8f931daae\">\n.flex_column.av-av_one_fourth-9c1d454dc06f7247226bc4e8f931daae{\nborder-radius:0px 0px 0px 0px;\npadding:0px 0px 0px 0px;\n}\n<\/style>\n<div  class='flex_column av-av_one_fourth-9c1d454dc06f7247226bc4e8f931daae av_one_fourth  avia-builder-el-19  el_after_av_one_fourth  el_before_av_one_fourth  flex_column_div av-zero-column-padding  '     ><style type=\"text\/css\" data-created_by=\"avia_inline_auto\" id=\"style-css-av-av_image-bc1d91cc45e0741076bb85e7bfcdbc29\">\n.avia-image-container.av-av_image-bc1d91cc45e0741076bb85e7bfcdbc29 img.avia_image{\nbox-shadow:none;\n}\n.avia-image-container.av-av_image-bc1d91cc45e0741076bb85e7bfcdbc29 .av-image-caption-overlay-center{\ncolor:#ffffff;\n}\n<\/style>\n<div  class='avia-image-container av-av_image-bc1d91cc45e0741076bb85e7bfcdbc29 av-styling- av-img-linked avia-align-center  avia-builder-el-20  avia-builder-el-no-sibling '   itemprop=\"image\" itemscope=\"itemscope\" itemtype=\"https:\/\/schema.org\/ImageObject\" ><div class=\"avia-image-container-inner\"><div class=\"avia-image-overlay-wrap\"><a href=\"http:\/\/getafe.es\/\" class='avia_image '  target=\"_blank\"  rel=\"noopener noreferrer\" aria-label='AytoGetafebn'><img fetchpriority=\"high\" class='wp-image-8543 avia-img-lazy-loading-not-8543 avia_image ' src='https:\/\/www.tecnogetafe.es\/wp-content\/uploads\/2016\/02\/AytoGetafebn.png' alt='' title='AytoGetafebn'  height=\"72\" width=\"145\"  itemprop=\"thumbnailUrl\"  \/><\/a><\/div><\/div><\/div><\/div>\n<style type=\"text\/css\" data-created_by=\"avia_inline_auto\" id=\"style-css-av-av_one_fourth-9c1d454dc06f7247226bc4e8f931daae\">\n.flex_column.av-av_one_fourth-9c1d454dc06f7247226bc4e8f931daae{\nborder-radius:0px 0px 0px 0px;\npadding:0px 0px 0px 0px;\n}\n<\/style>\n<div  class='flex_column av-av_one_fourth-9c1d454dc06f7247226bc4e8f931daae av_one_fourth  avia-builder-el-21  el_after_av_one_fourth  avia-builder-el-last  flex_column_div av-zero-column-padding  '     ><style type=\"text\/css\" data-created_by=\"avia_inline_auto\" id=\"style-css-av-av_image-7dc992cc27b56fbf0f78e21493cb6e94\">\n.avia-image-container.av-av_image-7dc992cc27b56fbf0f78e21493cb6e94 img.avia_image{\nbox-shadow:none;\n}\n.avia-image-container.av-av_image-7dc992cc27b56fbf0f78e21493cb6e94 .av-image-caption-overlay-center{\ncolor:#ffffff;\n}\n<\/style>\n<div  class='avia-image-container av-av_image-7dc992cc27b56fbf0f78e21493cb6e94 av-styling- av-img-linked avia-align-center  avia-builder-el-22  avia-builder-el-no-sibling '   itemprop=\"image\" itemscope=\"itemscope\" itemtype=\"https:\/\/schema.org\/ImageObject\" ><div class=\"avia-image-container-inner\"><div class=\"avia-image-overlay-wrap\"><a href=\"http:\/\/www.upm.es\/\" class='avia_image '  target=\"_blank\"  rel=\"noopener noreferrer\" aria-label='UPMbn'><img fetchpriority=\"high\" class='wp-image-8547 avia-img-lazy-loading-not-8547 avia_image ' src='https:\/\/www.tecnogetafe.es\/wp-content\/uploads\/2016\/02\/UPMbn.png' alt='' title='UPMbn'  height=\"72\" width=\"88\"  itemprop=\"thumbnailUrl\"  \/><\/a><\/div><\/div><\/div><\/div><\/div><\/div><\/div><!-- close content main div --><\/div><\/div><div id='after_section_2'  class='main_color av_default_container_wrap container_wrap sidebar_right'  ><div class='container av-section-cont-open' ><div class='template-page content  av-content-small alpha units'><div class='post-entry post-entry-type-page post-entry-7931'><div class='entry-content-wrapper clearfix'>\n","protected":false},"excerpt":{"rendered":"","protected":false},"author":1,"featured_media":0,"parent":7760,"menu_order":0,"comment_status":"closed","ping_status":"closed","template":"","meta":{"footnotes":""},"class_list":["post-7931","page","type-page","status-publish","hentry"],"yoast_head":"<!-- This site is optimized with the Yoast SEO plugin v26.2 - https:\/\/yoast.com\/wordpress\/plugins\/seo\/ -->\n<title>UPM - TecnoGetafe<\/title>\n<meta name=\"robots\" content=\"index, follow, max-snippet:-1, max-image-preview:large, max-video-preview:-1\" \/>\n<link rel=\"canonical\" href=\"https:\/\/www.tecnogetafe.es\/en\/companies\/upm\/\" \/>\n<meta property=\"og:locale\" content=\"en_US\" \/>\n<meta property=\"og:type\" content=\"article\" \/>\n<meta property=\"og:title\" content=\"UPM - TecnoGetafe\" \/>\n<meta property=\"og:url\" content=\"https:\/\/www.tecnogetafe.es\/en\/companies\/upm\/\" \/>\n<meta property=\"og:site_name\" content=\"TecnoGetafe\" \/>\n<meta property=\"article:modified_time\" content=\"2024-01-15T13:27:46+00:00\" \/>\n<meta name=\"twitter:card\" content=\"summary_large_image\" \/>\n<meta name=\"twitter:label1\" content=\"Est. reading time\" \/>\n\t<meta name=\"twitter:data1\" content=\"6 minutes\" \/>\n<script type=\"application\/ld+json\" class=\"yoast-schema-graph\">{\"@context\":\"https:\/\/schema.org\",\"@graph\":[{\"@type\":\"WebPage\",\"@id\":\"https:\/\/www.tecnogetafe.es\/en\/companies\/upm\/\",\"url\":\"https:\/\/www.tecnogetafe.es\/en\/companies\/upm\/\",\"name\":\"UPM - TecnoGetafe\",\"isPartOf\":{\"@id\":\"https:\/\/www.tecnogetafe.es\/#website\"},\"datePublished\":\"2017-02-08T11:52:15+00:00\",\"dateModified\":\"2024-01-15T13:27:46+00:00\",\"breadcrumb\":{\"@id\":\"https:\/\/www.tecnogetafe.es\/en\/companies\/upm\/#breadcrumb\"},\"inLanguage\":\"en-US\",\"potentialAction\":[{\"@type\":\"ReadAction\",\"target\":[\"https:\/\/www.tecnogetafe.es\/en\/companies\/upm\/\"]}]},{\"@type\":\"BreadcrumbList\",\"@id\":\"https:\/\/www.tecnogetafe.es\/en\/companies\/upm\/#breadcrumb\",\"itemListElement\":[{\"@type\":\"ListItem\",\"position\":1,\"name\":\"Portada\",\"item\":\"https:\/\/www.tecnogetafe.es\/en\/welcome\/\"},{\"@type\":\"ListItem\",\"position\":2,\"name\":\"Companies\",\"item\":\"https:\/\/www.tecnogetafe.es\/en\/companies\/\"},{\"@type\":\"ListItem\",\"position\":3,\"name\":\"UPM\"}]},{\"@type\":\"WebSite\",\"@id\":\"https:\/\/www.tecnogetafe.es\/#website\",\"url\":\"https:\/\/www.tecnogetafe.es\/\",\"name\":\"TecnoGetafe\",\"description\":\"Parque Tecnol\u00f3gico TecnoGetafe\",\"potentialAction\":[{\"@type\":\"SearchAction\",\"target\":{\"@type\":\"EntryPoint\",\"urlTemplate\":\"https:\/\/www.tecnogetafe.es\/?s={search_term_string}\"},\"query-input\":{\"@type\":\"PropertyValueSpecification\",\"valueRequired\":true,\"valueName\":\"search_term_string\"}}],\"inLanguage\":\"en-US\"}]}<\/script>\n<!-- \/ Yoast SEO plugin. -->","yoast_head_json":{"title":"UPM - TecnoGetafe","robots":{"index":"index","follow":"follow","max-snippet":"max-snippet:-1","max-image-preview":"max-image-preview:large","max-video-preview":"max-video-preview:-1"},"canonical":"https:\/\/www.tecnogetafe.es\/en\/companies\/upm\/","og_locale":"en_US","og_type":"article","og_title":"UPM - TecnoGetafe","og_url":"https:\/\/www.tecnogetafe.es\/en\/companies\/upm\/","og_site_name":"TecnoGetafe","article_modified_time":"2024-01-15T13:27:46+00:00","twitter_card":"summary_large_image","twitter_misc":{"Est. reading time":"6 minutes"},"schema":{"@context":"https:\/\/schema.org","@graph":[{"@type":"WebPage","@id":"https:\/\/www.tecnogetafe.es\/en\/companies\/upm\/","url":"https:\/\/www.tecnogetafe.es\/en\/companies\/upm\/","name":"UPM - TecnoGetafe","isPartOf":{"@id":"https:\/\/www.tecnogetafe.es\/#website"},"datePublished":"2017-02-08T11:52:15+00:00","dateModified":"2024-01-15T13:27:46+00:00","breadcrumb":{"@id":"https:\/\/www.tecnogetafe.es\/en\/companies\/upm\/#breadcrumb"},"inLanguage":"en-US","potentialAction":[{"@type":"ReadAction","target":["https:\/\/www.tecnogetafe.es\/en\/companies\/upm\/"]}]},{"@type":"BreadcrumbList","@id":"https:\/\/www.tecnogetafe.es\/en\/companies\/upm\/#breadcrumb","itemListElement":[{"@type":"ListItem","position":1,"name":"Portada","item":"https:\/\/www.tecnogetafe.es\/en\/welcome\/"},{"@type":"ListItem","position":2,"name":"Companies","item":"https:\/\/www.tecnogetafe.es\/en\/companies\/"},{"@type":"ListItem","position":3,"name":"UPM"}]},{"@type":"WebSite","@id":"https:\/\/www.tecnogetafe.es\/#website","url":"https:\/\/www.tecnogetafe.es\/","name":"TecnoGetafe","description":"Parque Tecnol\u00f3gico TecnoGetafe","potentialAction":[{"@type":"SearchAction","target":{"@type":"EntryPoint","urlTemplate":"https:\/\/www.tecnogetafe.es\/?s={search_term_string}"},"query-input":{"@type":"PropertyValueSpecification","valueRequired":true,"valueName":"search_term_string"}}],"inLanguage":"en-US"}]}},"_links":{"self":[{"href":"https:\/\/www.tecnogetafe.es\/en\/wp-json\/wp\/v2\/pages\/7931","targetHints":{"allow":["GET"]}}],"collection":[{"href":"https:\/\/www.tecnogetafe.es\/en\/wp-json\/wp\/v2\/pages"}],"about":[{"href":"https:\/\/www.tecnogetafe.es\/en\/wp-json\/wp\/v2\/types\/page"}],"author":[{"embeddable":true,"href":"https:\/\/www.tecnogetafe.es\/en\/wp-json\/wp\/v2\/users\/1"}],"replies":[{"embeddable":true,"href":"https:\/\/www.tecnogetafe.es\/en\/wp-json\/wp\/v2\/comments?post=7931"}],"version-history":[{"count":18,"href":"https:\/\/www.tecnogetafe.es\/en\/wp-json\/wp\/v2\/pages\/7931\/revisions"}],"predecessor-version":[{"id":13788,"href":"https:\/\/www.tecnogetafe.es\/en\/wp-json\/wp\/v2\/pages\/7931\/revisions\/13788"}],"up":[{"embeddable":true,"href":"https:\/\/www.tecnogetafe.es\/en\/wp-json\/wp\/v2\/pages\/7760"}],"wp:attachment":[{"href":"https:\/\/www.tecnogetafe.es\/en\/wp-json\/wp\/v2\/media?parent=7931"}],"curies":[{"name":"wp","href":"https:\/\/api.w.org\/{rel}","templated":true}]}}