{"id":8505,"date":"2017-02-15T13:51:28","date_gmt":"2017-02-15T12:51:28","guid":{"rendered":"http:\/\/www.tecnogetafe.es\/?page_id=8505"},"modified":"2023-12-18T12:45:42","modified_gmt":"2023-12-18T11:45:42","slug":"legal-notice","status":"publish","type":"page","link":"https:\/\/www.tecnogetafe.es\/en\/legal-notice\/","title":{"rendered":"Privacy policy-Legal notice"},"content":{"rendered":"<div id='av_section_1'  class='avia-section av-av_section-6e3eefb9fc6b389a3825e702e2416b32 main_color avia-section-default avia-no-border-styling  avia-builder-el-0  avia-builder-el-no-sibling  avia-bg-style-scroll av-minimum-height av-minimum-height-75 av-height-75  container_wrap sidebar_right'   data-av_minimum_height_pc='75' data-av_min_height_opt='75'><div class='container av-section-cont-open' ><main  role=\"main\" itemprop=\"mainContentOfPage\"  class='template-page content  av-content-small alpha units'><div class='post-entry post-entry-type-page post-entry-8505'><div class='entry-content-wrapper clearfix'>\n<section  class='av_textblock_section av-av_textblock-0366cc7376be6c9e82a3e9cc8987b64f '   itemscope=\"itemscope\" itemtype=\"https:\/\/schema.org\/CreativeWork\" ><div class='avia_textblock'  itemprop=\"text\" ><p>In accordance with the Regulation (EU) 2016\/679, General Data Protection, in this Privacy Policy we inform you:<\/p>\n<p>This website, is owned by Consorcio Urban\u00edstico \u00c1rea Tecnol\u00f3gica del Sur (TECNOGETAFE), CIF: V-83210856<br \/>\nAddress:\u00a0 C\/ Edgar Neville, 3-Pl baja. 28020 Madrid \u00b7 Tel: +34 \u00b7 666 100 409<br \/>\nEmail:\u00a0<a href=\"mailto:tecnogetafe@tecnogetafe.es\" target=\"_blank\" rel=\"noopener noreferrer\">tecnogetafe@tecnogetafe.es<\/a><\/p>\n<p>The personal information you provide when completing the forms is used to respond your requests for information , comply with our legal obligations, redesign the navigation of the Website and perform statistical analysis.<\/p>\n<p>The personal data provided will be retained for the years necessary to comply with legal obligations.<\/p>\n<p>TECNOGETAFE\u00a0ensures confidentiality of the data provided, and guarantees that under no circumstances be disclosed to third parties.\u00a0To provide services strictly necessary for the development of the activity, we share data with the following service providers under their respective privacy conditions:<\/p>\n<p>Google Analytics: a web analytics service provided by Google, Inc. use cookies to analyse how users use the website. (See our cookies policy)<\/p>\n<p>Hosting: Factor\u00eda Digital, based in Spain. More information at: www.factoriadigital.com<\/p>\n<p>The user may at any time exercise their\u00a0rights of access, rectification, cancellation and opposition by writing to:<\/p>\n<p>TECNOGETAFE<br \/>\nC\/ Edgar Neville, 3-Pl baja. 28020 Madrid \u00b7 Tel: +34 \u00b7 666 100 409<br \/>\nEmail:\u00a0<a href=\"mailto:tecnogetafe@tecnogetafe.es\" target=\"_blank\" rel=\"noopener noreferrer\">tecnogetafe@tecnogetafe.es<\/a><\/p>\n<h3><strong>Liabilities<\/strong><\/h3>\n<p>Consorcio Urban\u00edstico \u00c1rea Tecnol\u00f3gica del Sur-TECNOGETAFE \u00a0is not responsible for the following actions:<\/p>\n<p>\u2022 The misuse to a user of the Website.<br \/>\n\u2022 The integrity, accuracy and currency of the information contained in this website, which may be modified without notice.<br \/>\n\u2022 Any typographical, formal or numeric errors it may contain.<br \/>\n\u2022 The contents and services of other websites to which it may be accessed via links from this website.<br \/>\n\u2022 The possibility of files or formats with errors, so you can not guarantee that the service is not interrupted or affected by such problems.<br \/>\n\u2022 The technical errors, that may provide for the temporary suspension of the services and contents of the website to carry out maintenance, improvement or repair thereof.<\/p>\n<\/div><\/section>\n<\/div><\/div><\/main><!-- close content main element --><\/div><\/div><div id='after_section_1'  class='main_color av_default_container_wrap container_wrap sidebar_right'  ><div class='container av-section-cont-open' ><div class='template-page content  av-content-small alpha units'><div class='post-entry post-entry-type-page post-entry-8505'><div class='entry-content-wrapper clearfix'>\n","protected":false},"excerpt":{"rendered":"","protected":false},"author":1,"featured_media":0,"parent":0,"menu_order":0,"comment_status":"closed","ping_status":"closed","template":"","meta":{"footnotes":""},"class_list":["post-8505","page","type-page","status-publish","hentry"],"yoast_head":"<!-- This site is optimized with the Yoast SEO plugin v26.2 - https:\/\/yoast.com\/wordpress\/plugins\/seo\/ -->\n<title>Privacy policy-Legal notice - TecnoGetafe<\/title>\n<meta name=\"robots\" content=\"index, follow, max-snippet:-1, max-image-preview:large, max-video-preview:-1\" \/>\n<link rel=\"canonical\" href=\"https:\/\/www.tecnogetafe.es\/en\/legal-notice\/\" \/>\n<meta property=\"og:locale\" content=\"en_US\" \/>\n<meta property=\"og:type\" content=\"article\" \/>\n<meta property=\"og:title\" content=\"Privacy policy-Legal notice - TecnoGetafe\" \/>\n<meta property=\"og:url\" content=\"https:\/\/www.tecnogetafe.es\/en\/legal-notice\/\" \/>\n<meta property=\"og:site_name\" content=\"TecnoGetafe\" \/>\n<meta property=\"article:modified_time\" content=\"2023-12-18T11:45:42+00:00\" \/>\n<meta name=\"twitter:card\" content=\"summary_large_image\" \/>\n<meta name=\"twitter:label1\" content=\"Est. reading time\" \/>\n\t<meta name=\"twitter:data1\" content=\"2 minutes\" \/>\n<script type=\"application\/ld+json\" class=\"yoast-schema-graph\">{\"@context\":\"https:\/\/schema.org\",\"@graph\":[{\"@type\":\"WebPage\",\"@id\":\"https:\/\/www.tecnogetafe.es\/en\/legal-notice\/\",\"url\":\"https:\/\/www.tecnogetafe.es\/en\/legal-notice\/\",\"name\":\"Privacy policy-Legal notice - TecnoGetafe\",\"isPartOf\":{\"@id\":\"https:\/\/www.tecnogetafe.es\/#website\"},\"datePublished\":\"2017-02-15T12:51:28+00:00\",\"dateModified\":\"2023-12-18T11:45:42+00:00\",\"breadcrumb\":{\"@id\":\"https:\/\/www.tecnogetafe.es\/en\/legal-notice\/#breadcrumb\"},\"inLanguage\":\"en-US\",\"potentialAction\":[{\"@type\":\"ReadAction\",\"target\":[\"https:\/\/www.tecnogetafe.es\/en\/legal-notice\/\"]}]},{\"@type\":\"BreadcrumbList\",\"@id\":\"https:\/\/www.tecnogetafe.es\/en\/legal-notice\/#breadcrumb\",\"itemListElement\":[{\"@type\":\"ListItem\",\"position\":1,\"name\":\"Portada\",\"item\":\"https:\/\/www.tecnogetafe.es\/en\/welcome\/\"},{\"@type\":\"ListItem\",\"position\":2,\"name\":\"Privacy policy-Legal notice\"}]},{\"@type\":\"WebSite\",\"@id\":\"https:\/\/www.tecnogetafe.es\/#website\",\"url\":\"https:\/\/www.tecnogetafe.es\/\",\"name\":\"TecnoGetafe\",\"description\":\"Parque Tecnol\u00f3gico TecnoGetafe\",\"potentialAction\":[{\"@type\":\"SearchAction\",\"target\":{\"@type\":\"EntryPoint\",\"urlTemplate\":\"https:\/\/www.tecnogetafe.es\/?s={search_term_string}\"},\"query-input\":{\"@type\":\"PropertyValueSpecification\",\"valueRequired\":true,\"valueName\":\"search_term_string\"}}],\"inLanguage\":\"en-US\"}]}<\/script>\n<!-- \/ Yoast SEO plugin. -->","yoast_head_json":{"title":"Privacy policy-Legal notice - TecnoGetafe","robots":{"index":"index","follow":"follow","max-snippet":"max-snippet:-1","max-image-preview":"max-image-preview:large","max-video-preview":"max-video-preview:-1"},"canonical":"https:\/\/www.tecnogetafe.es\/en\/legal-notice\/","og_locale":"en_US","og_type":"article","og_title":"Privacy policy-Legal notice - TecnoGetafe","og_url":"https:\/\/www.tecnogetafe.es\/en\/legal-notice\/","og_site_name":"TecnoGetafe","article_modified_time":"2023-12-18T11:45:42+00:00","twitter_card":"summary_large_image","twitter_misc":{"Est. reading time":"2 minutes"},"schema":{"@context":"https:\/\/schema.org","@graph":[{"@type":"WebPage","@id":"https:\/\/www.tecnogetafe.es\/en\/legal-notice\/","url":"https:\/\/www.tecnogetafe.es\/en\/legal-notice\/","name":"Privacy policy-Legal notice - TecnoGetafe","isPartOf":{"@id":"https:\/\/www.tecnogetafe.es\/#website"},"datePublished":"2017-02-15T12:51:28+00:00","dateModified":"2023-12-18T11:45:42+00:00","breadcrumb":{"@id":"https:\/\/www.tecnogetafe.es\/en\/legal-notice\/#breadcrumb"},"inLanguage":"en-US","potentialAction":[{"@type":"ReadAction","target":["https:\/\/www.tecnogetafe.es\/en\/legal-notice\/"]}]},{"@type":"BreadcrumbList","@id":"https:\/\/www.tecnogetafe.es\/en\/legal-notice\/#breadcrumb","itemListElement":[{"@type":"ListItem","position":1,"name":"Portada","item":"https:\/\/www.tecnogetafe.es\/en\/welcome\/"},{"@type":"ListItem","position":2,"name":"Privacy policy-Legal notice"}]},{"@type":"WebSite","@id":"https:\/\/www.tecnogetafe.es\/#website","url":"https:\/\/www.tecnogetafe.es\/","name":"TecnoGetafe","description":"Parque Tecnol\u00f3gico TecnoGetafe","potentialAction":[{"@type":"SearchAction","target":{"@type":"EntryPoint","urlTemplate":"https:\/\/www.tecnogetafe.es\/?s={search_term_string}"},"query-input":{"@type":"PropertyValueSpecification","valueRequired":true,"valueName":"search_term_string"}}],"inLanguage":"en-US"}]}},"_links":{"self":[{"href":"https:\/\/www.tecnogetafe.es\/en\/wp-json\/wp\/v2\/pages\/8505","targetHints":{"allow":["GET"]}}],"collection":[{"href":"https:\/\/www.tecnogetafe.es\/en\/wp-json\/wp\/v2\/pages"}],"about":[{"href":"https:\/\/www.tecnogetafe.es\/en\/wp-json\/wp\/v2\/types\/page"}],"author":[{"embeddable":true,"href":"https:\/\/www.tecnogetafe.es\/en\/wp-json\/wp\/v2\/users\/1"}],"replies":[{"embeddable":true,"href":"https:\/\/www.tecnogetafe.es\/en\/wp-json\/wp\/v2\/comments?post=8505"}],"version-history":[{"count":8,"href":"https:\/\/www.tecnogetafe.es\/en\/wp-json\/wp\/v2\/pages\/8505\/revisions"}],"predecessor-version":[{"id":13683,"href":"https:\/\/www.tecnogetafe.es\/en\/wp-json\/wp\/v2\/pages\/8505\/revisions\/13683"}],"wp:attachment":[{"href":"https:\/\/www.tecnogetafe.es\/en\/wp-json\/wp\/v2\/media?parent=8505"}],"curies":[{"name":"wp","href":"https:\/\/api.w.org\/{rel}","templated":true}]}}